{"id":1071,"date":"2015-12-14T07:14:55","date_gmt":"2015-12-14T07:14:55","guid":{"rendered":"http:\/\/consulting.stylemixthemes.com\/?page_id=2"},"modified":"2017-02-27T06:59:05","modified_gmt":"2017-02-27T06:59:05","slug":"sample-page-2","status":"publish","type":"page","link":"https:\/\/azizmakina.com\/","title":{"rendered":"anasayfa"},"content":{"rendered":"<p>[vc_row css=&#8221;.vc_custom_1460958899385{margin-bottom: 56px !important;}&#8221;][vc_column offset=&#8221;vc_hidden-xs&#8221;][rev_slider_vc alias=&#8221;main_slider&#8221;][\/vc_column][\/vc_row][vc_row css=&#8221;.vc_custom_1460959826501{margin-bottom: 58px !important;}&#8221;][vc_column][vc_custom_heading text=&#8221;H\u0130ZMETLER\u0130M\u0130Z&#8221; font_container=&#8221;tag:h2|text_align:center&#8221; use_theme_fonts=&#8221;yes&#8221; css=&#8221;.vc_custom_1486990701410{margin-bottom: 60px !important;}&#8221;][vc_row_inner css=&#8221;.vc_custom_1460959302608{margin-bottom: 23px !important;}&#8221;][vc_column_inner width=&#8221;1\/3&#8243;][stm_icon_box icon=&#8221;stm-plus&#8221; style=&#8221;icon_left&#8221; icon_size=&#8221;32&#8243; icon_width=&#8221;84&#8243; title=&#8221;Lazer Kesim \/ B\u00fck\u00fcm&#8221;]25mm siyah sa\u00e7, 15 mm paslanmaz ve 12 mm Al\u00fcminyum par\u00e7alar\u0131n\u0131z\u0131n kesimi ve 6 eksen CNC Abkant Makinas\u0131 ile hassas bir \u015fekilde b\u00fck\u00fcmleri yap\u0131lmaktad\u0131r.[\/stm_icon_box][\/vc_column_inner][vc_column_inner width=&#8221;1\/3&#8243;][stm_icon_box icon=&#8221;fa fa-spinner&#8221; style=&#8221;icon_left&#8221; icon_size=&#8221;32&#8243; icon_width=&#8221;84&#8243; title=&#8221;Tala\u015fl\u0131 \u0130malat&#8221;]CNC Torna CNC Dik i\u015fleme Makinalar\u0131m\u0131zla her t\u00fcrl\u00fc tala\u015fl\u0131 par\u00e7alar\u0131m\u0131z\u0131n \u00fcretimini yapmaktay\u0131z.[\/stm_icon_box][\/vc_column_inner][vc_column_inner width=&#8221;1\/3&#8243;][stm_icon_box icon=&#8221;stm-check&#8221; style=&#8221;icon_left&#8221; icon_size=&#8221;32&#8243; icon_width=&#8221;84&#8243; title=&#8221;Kaynakl\u0131 Birle\u015fim&#8221;]T\u00fcm kaynak i\u015flemleri h\u0131zl\u0131 ve g\u00fcvenilir bir \u015fekilde profesyonel ekibimizce yap\u0131lmaktad\u0131r.[\/stm_icon_box][\/vc_column_inner][\/vc_row_inner][vc_row_inner][vc_column_inner width=&#8221;1\/3&#8243;][stm_icon_box icon=&#8221;fa fa-puzzle-piece&#8221; style=&#8221;icon_left&#8221; icon_size=&#8221;32&#8243; icon_width=&#8221;84&#8243; title=&#8221;Montaj \u0130\u015flemleri&#8221;]\u00dcretilen par\u00e7alar\u0131n montaj ve d\u00fczenlemelerini ihtiya\u00e7 do\u011frultusunda yapmaktay\u0131z.[\/stm_icon_box][\/vc_column_inner][vc_column_inner width=&#8221;1\/3&#8243;][stm_icon_box icon=&#8221;stm-lamp6&#8243; style=&#8221;icon_left&#8221; icon_size=&#8221;32&#8243; icon_width=&#8221;84&#8243; title=&#8221;Makina Tasar\u0131m \/ Ar-Ge Hizmetleri&#8221;]M\u00fc\u015fterilerimizin ihtiya\u00e7lar\u0131 do\u011frultusunda tasarlay\u0131p imalat\u0131n\u0131 yapmaktay\u0131z.[\/stm_icon_box][\/vc_column_inner][vc_column_inner width=&#8221;1\/3&#8243;][stm_icon_box icon=&#8221;stm-diamond&#8221; style=&#8221;icon_left&#8221; icon_size=&#8221;32&#8243; icon_width=&#8221;84&#8243; title=&#8221;CNC Torna \/ CNC Diki\u015fleme&#8221;]Teknik resimlere g\u00f6re b\u00fcy\u00fck bir hassasiyetle istenilen \u00fcr\u00fcn\u00fcn toleranslar \u00e7evresinde CNC Torna ve CNC Dik \u0130\u015fleme Makinalar\u0131m\u0131zda kaliteli bir \u015fekilde \u00fcretimi yap\u0131lmaktad\u0131r.[\/stm_icon_box][\/vc_column_inner][\/vc_row_inner][\/vc_column][\/vc_row][vc_row full_width=&#8221;stretch_row&#8221; css=&#8221;.vc_custom_1462009390863{margin-bottom: 0px !important;padding-top: 35px !important;padding-bottom: 46px !important;background-image: url(http:\/\/aogweb.com\/demo\/wp-content\/uploads\/2016\/05\/placeholder.gif?id=1356) !important;background-position: center !important;background-repeat: no-repeat !important;background-size: cover !important;}&#8221; el_class=&#8221;white-overlay_1 fixed_bg&#8221;][vc_column][vc_custom_heading stripe_pos=&#8221;hide&#8221; text=&#8221;<mark>Lazer Kesim\/B\u00fck\u00fcm ve Kaynakl\u0131 Birle\u015fim Dahil <\/mark><br \/>\nT\u00fcm \u0130\u015fleri Kaliteli Bir \u015eekilde Kendi B\u00fcnyemizde Yap\u0131yoruz.&#8221; font_container=&#8221;tag:h5|font_size:28px|text_align:center|line_height:34px&#8221; use_theme_fonts=&#8221;yes&#8221; stripe_hide=&#8221;yes&#8221;][\/vc_column][\/vc_row][vc_row full_width=&#8221;stretch_row&#8221; css=&#8221;.vc_custom_1460961720925{padding-top: 61px !important;padding-bottom: 80px !important;background-image: url(http:\/\/aogweb.com\/demo\/wp-content\/uploads\/2016\/05\/placeholder.gif?id=1223) !important;background-position: center !important;background-repeat: no-repeat !important;background-size: cover !important;}&#8221; el_class=&#8221;overlay_2&#8243;][vc_column][vc_custom_heading text=&#8221;HAKKIMIZDA&#8221; font_container=&#8221;tag:h2|text_align:center|color:%23ffffff&#8221; use_theme_fonts=&#8221;yes&#8221; css=&#8221;.vc_custom_1486994786889{margin-bottom: 40px !important;}&#8221;][vc_row_inner][vc_column_inner width=&#8221;1\/3&#8243;][stm_info_box align_center=&#8221;yes&#8221; style=&#8221;style_2&#8243; icon=&#8221;fa fa-chevron-right&#8221; title=&#8221;Tarhi\u00e7emiz&#8221; link=&#8221;url:http%3A%2F%2Fazizmakina.com%2F%3Fpage_id%3D344||&#8221; css=&#8221;.vc_custom_1488182457308{margin-bottom: 0px !important;padding-top: 10px !important;padding-right: 50px !important;padding-bottom: 32px !important;padding-left: 50px !important;}&#8221;]Firmam\u0131z 2000\u2019li y\u0131llarda organize sanayi b\u00f6lgesinde tala\u015fl\u0131 imalat yaparak \u00f6zel ama\u00e7l\u0131 makine pa\u00e7alar\u0131 \u00fcretimi yapmaya ba\u015flam\u0131\u015ft\u0131r.[\/stm_info_box][stm_spacing xs_spacing=&#8221;30px&#8221;][\/vc_column_inner][vc_column_inner width=&#8221;1\/3&#8243;][stm_info_box align_center=&#8221;yes&#8221; style=&#8221;style_2&#8243; icon=&#8221;fa fa-chevron-right&#8221; title=&#8221;Vizyonumuz&#8221; link=&#8221;url:http%3A%2F%2Fazizmakina.com%2F%3Fpage_id%3D344||&#8221; css=&#8221;.vc_custom_1488182442367{margin-bottom: 0px !important;padding-top: 10px !important;padding-right: 50px !important;padding-bottom: 32px !important;padding-left: 50px !important;}&#8221;]Sekt\u00f6r\u00fcm\u00fczde ve faaliyet konular\u0131m\u0131zda liderli, \u00f6ncelikle m\u00fc\u015fterilerimizin ko\u015fulsuz memnuniyetini g\u00f6zeten firmam\u0131z otomotiv yedek par\u00e7a, savunma sanayii&#8230;[\/stm_info_box][stm_spacing xs_spacing=&#8221;30px&#8221;][\/vc_column_inner][vc_column_inner width=&#8221;1\/3&#8243;][stm_info_box align_center=&#8221;yes&#8221; style=&#8221;style_2&#8243; icon=&#8221;fa fa-chevron-right&#8221; title=&#8221;Misyonumuz&#8221; link=&#8221;url:http%3A%2F%2Fazizmakina.com%2F%3Fpage_id%3D344||&#8221; css=&#8221;.vc_custom_1488182481012{margin-bottom: 0px !important;padding-top: 10px !important;padding-right: 50px !important;padding-bottom: 32px !important;padding-left: 50px !important;}&#8221;]Y\u00fcksek standartl\u0131 kaliteli hizmet verecek m\u00fc\u015fteri memnuniyetini en \u00fcst d\u00fczeye \u00e7\u0131karmak, m\u00fc\u015fterilerimizin zaman\u0131na ve haklar\u0131na sayd\u0131 duymak,[\/stm_info_box][\/vc_column_inner][\/vc_row_inner][\/vc_column][\/vc_row][vc_row css=&#8221;.vc_custom_1460964226517{padding-top: 38px !important;padding-bottom: 38px !important;}&#8221;][vc_column][vc_custom_heading text=&#8221;Referanslar\u0131m\u0131z&#8221; font_container=&#8221;tag:h2|text_align:center&#8221; use_theme_fonts=&#8221;yes&#8221; css=&#8221;.vc_custom_1487074123011{margin-bottom: -10px !important;}&#8221;][stm_image_carousel grayscale=&#8221;yes&#8221; img_size=&#8221;180&#215;96&#8243; images=&#8221;1501,1502,1503,1504,1505,1506,1507,1508,1509,1510,1511,1512,1513,1514,1515&#8243; link=&#8221;url:http%3A%2F%2Fconsulting.loc%2Flayout-6%2Fcompany-overview%2Four-partners%2F||&#8221;][\/vc_column][\/vc_row][vc_row full_width=&#8221;stretch_row&#8221; el_class=&#8221;secondary_bg_color&#8221; css=&#8221;.vc_custom_1460965676004{margin-bottom: -60px !important;padding-top: 52px !important;padding-bottom: 23px !important;}&#8221;][vc_column][vc_custom_heading text=&#8221;Biz Sizi Arayal\u0131m&#8221; font_container=&#8221;tag:h2|text_align:center&#8221; use_theme_fonts=&#8221;yes&#8221; css=&#8221;.vc_custom_1486994903028{margin-bottom: -10px !important;}&#8221;]<div role=\"form\" class=\"wpcf7\" id=\"wpcf7-f1380-o1\" lang=\"en-US\" dir=\"ltr\">\n<div class=\"screen-reader-response\"><p role=\"status\" aria-live=\"polite\" aria-atomic=\"true\"><\/p> <ul><\/ul><\/div>\n<form action=\"\/index.php?rest_route=%2Fwp%2Fv2%2Fpages%2F1071#wpcf7-f1380-o1\" method=\"post\" class=\"wpcf7-form init\" novalidate=\"novalidate\" data-status=\"init\">\n<div style=\"display: none;\">\n<input type=\"hidden\" name=\"_wpcf7\" value=\"1380\" \/>\n<input type=\"hidden\" name=\"_wpcf7_version\" value=\"5.5.3\" \/>\n<input type=\"hidden\" name=\"_wpcf7_locale\" value=\"en_US\" \/>\n<input type=\"hidden\" name=\"_wpcf7_unit_tag\" value=\"wpcf7-f1380-o1\" \/>\n<input type=\"hidden\" name=\"_wpcf7_container_post\" value=\"0\" \/>\n<input type=\"hidden\" name=\"_wpcf7_posted_data_hash\" value=\"\" \/>\n<\/div>\n<div class=\"request_callback_6\">\n<div class=\"row\">\n<div class=\"col-sm-4 col-xs-12\">\n<div class=\"input-group\">\n                <span class=\"wpcf7-form-control-wrap name\"><input type=\"text\" name=\"name\" value=\"\" size=\"40\" class=\"wpcf7-form-control wpcf7-text wpcf7-validates-as-required\" aria-required=\"true\" aria-invalid=\"false\" placeholder=\"Ad\u0131n\u0131z\" \/><\/span>\n            <\/div>\n<\/div>\n<div class=\"col-sm-4 col-xs-12\">\n<div class=\"input-group\">\n                <span class=\"wpcf7-form-control-wrap phone\"><input type=\"tel\" name=\"phone\" value=\"\" size=\"40\" class=\"wpcf7-form-control wpcf7-text wpcf7-tel wpcf7-validates-as-required wpcf7-validates-as-tel\" aria-required=\"true\" aria-invalid=\"false\" placeholder=\"Telefon Numaras\u0131\" \/><\/span>\n            <\/div>\n<\/div>\n<div class=\"col-sm-4 col-xs-12\">\n<div class=\"input-group\">\n                <span class=\"wpcf7-form-control-wrap services_consulting\"><select name=\"services_consulting\" class=\"wpcf7-form-control wpcf7-select\" aria-invalid=\"false\"><option value=\"\">Lazer Kesim Hakk\u0131nda<\/option><option value=\"CNC Torna\/ CNC Diki\u015fleme Hakk\u0131nda\">CNC Torna\/ CNC Diki\u015fleme Hakk\u0131nda<\/option><option value=\"Kaynakl\u0131 Birle\u015fim Hakk\u0131nda\">Kaynakl\u0131 Birle\u015fim Hakk\u0131nda<\/option><\/select><\/span>\n            <\/div>\n<\/div>\n<\/div>\n<div class=\"row\">\n<div class=\"col-xs-12\">\n<div class=\"input-group text-center\">\n          <button type=\"submit\" class=\"button theme_style_2 size-lg icon_right\">G\u00f6nder<i class=\"fa fa-chevron-right\"><\/i><\/button>\n        <\/div>\n<\/div>\n<\/div>\n<\/div>\n<div class=\"wpcf7-response-output\" aria-hidden=\"true\"><\/div><\/form><\/div>[\/vc_column][\/vc_row]<\/p>\n","protected":false},"excerpt":{"rendered":"<p>[vc_row css=&#8221;.vc_custom_1460958899385{margin-bottom: 56px !important;}&#8221;][vc_column offset=&#8221;vc_hidden-xs&#8221;][rev_slider_vc alias=&#8221;main_slider&#8221;][\/vc_column][\/vc_row][vc_row css=&#8221;.vc_custom_1460959826501{margin-bottom: 58px !important;}&#8221;][vc_column][vc_custom_heading text=&#8221;H\u0130ZMETLER\u0130M\u0130Z&#8221; font_container=&#8221;tag:h2|text_align:center&#8221; use_theme_fonts=&#8221;yes&#8221; css=&#8221;.vc_custom_1486990701410{margin-bottom: 60px !important;}&#8221;][vc_row_inner css=&#8221;.vc_custom_1460959302608{margin-bottom: 23px !important;}&#8221;][vc_column_inner width=&#8221;1\/3&#8243;][stm_icon_box icon=&#8221;stm-plus&#8221; style=&#8221;icon_left&#8221; icon_size=&#8221;32&#8243; icon_width=&#8221;84&#8243; title=&#8221;Lazer Kesim \/ B\u00fck\u00fcm&#8221;]25mm siyah sa\u00e7, 15 mm paslanmaz ve 12 mm Al\u00fcminyum par\u00e7alar\u0131n\u0131z\u0131n kesimi ve 6 eksen CNC Abkant Makinas\u0131 ile hassas bir \u015fekilde b\u00fck\u00fcmleri yap\u0131lmaktad\u0131r.[\/stm_icon_box][\/vc_column_inner][vc_column_inner width=&#8221;1\/3&#8243;][stm_icon_box icon=&#8221;fa fa-spinner&#8221; style=&#8221;icon_left&#8221; icon_size=&#8221;32&#8243;<\/p>\n","protected":false},"author":1,"featured_media":0,"parent":0,"menu_order":0,"comment_status":"closed","ping_status":"closed","template":"","meta":[],"_links":{"self":[{"href":"https:\/\/azizmakina.com\/index.php?rest_route=\/wp\/v2\/pages\/1071"}],"collection":[{"href":"https:\/\/azizmakina.com\/index.php?rest_route=\/wp\/v2\/pages"}],"about":[{"href":"https:\/\/azizmakina.com\/index.php?rest_route=\/wp\/v2\/types\/page"}],"author":[{"embeddable":true,"href":"https:\/\/azizmakina.com\/index.php?rest_route=\/wp\/v2\/users\/1"}],"replies":[{"embeddable":true,"href":"https:\/\/azizmakina.com\/index.php?rest_route=%2Fwp%2Fv2%2Fcomments&post=1071"}],"version-history":[{"count":13,"href":"https:\/\/azizmakina.com\/index.php?rest_route=\/wp\/v2\/pages\/1071\/revisions"}],"predecessor-version":[{"id":1737,"href":"https:\/\/azizmakina.com\/index.php?rest_route=\/wp\/v2\/pages\/1071\/revisions\/1737"}],"wp:attachment":[{"href":"https:\/\/azizmakina.com\/index.php?rest_route=%2Fwp%2Fv2%2Fmedia&parent=1071"}],"curies":[{"name":"wp","href":"https:\/\/api.w.org\/{rel}","templated":true}]}}